{"id":35960,"date":"2018-12-07T12:55:09","date_gmt":"2018-12-07T12:55:09","guid":{"rendered":"https:\/\/piqipi.com\/?page_id=35960"},"modified":"2023-05-24T21:50:21","modified_gmt":"2023-05-24T19:50:21","slug":"zasady-ochrany-osobnich-udaju","status":"publish","type":"page","link":"https:\/\/piqipi.com\/cz\/zasady-ochrany-osobnich-udaju\/","title":{"rendered":"Z\u00e1sady ochrany osobn\u00edch \u00fadaj\u016f"},"content":{"rendered":"<p>[vc_row css=&#8220;.vc_custom_1550212476104{margin-bottom: 0px !important;padding-top: 80px !important;padding-bottom: 80px !important;}&#8220;][vc_column][vc_column_text]<\/p>\r\n<div>\r\n<p>1. Osobn\u00ed \u00fadaje jsou zpracov\u00e1v\u00e1ny v souladu se z\u00e1konem \u010d.j. 122\/2013 Sb. o ochran\u011b osobn\u00edch \u00fadaj\u016f ve zn\u011bn\u00ed pozd\u011bj\u0161\u00edch p\u0159edpis\u016f, \u0159\u00edd\u00edc\u00edch se z\u00e1kony Slovensk\u00e9 republiky.<\/p>\r\n<p>2. Provozovatel neposkytuje osobn\u00ed \u00fadaje kupuj\u00edc\u00edho t\u0159et\u00ed osob\u011b, krom\u011b p\u0159epravn\u00ed spole\u010dnosti pro doru\u010den\u00ed zbo\u017e\u00ed nebo slu\u017eeb, nebo st\u00e1tn\u00edm org\u00e1n\u016fm v p\u0159\u00edpad\u011b kontroly.<\/p>\r\n<p>3. Provozovatel od kupuj\u00edc\u00edho z\u00edsk\u00e1v\u00e1 n\u00e1sleduj\u00edc\u00ed osobn\u00ed \u00fadaje: jm\u00e9no, p\u0159\u00edjmen\u00ed, adresa, adresa pro doru\u010den\u00ed, telefonn\u00ed \u010d\u00edslo a e-mailov\u00e1 adresa. V p\u0159\u00edpad\u011b objedn\u00e1vky na firmu (\u017eivnostn\u00edk, s.r.o. nebo a.s.) tak\u00e9: n\u00e1zev firmy, I\u010cO, DI\u010c a DI\u010c (DI\u010c v p\u0159\u00edpad\u011b pl\u00e1tce DPH).<\/p>\r\n<p>4. V\u00e1mi poskytnut\u00e9 osobn\u00ed \u00fadaje jsou zpracov\u00e1v\u00e1ny za \u00fa\u010delem korektn\u00edho vy\u0159\u00edzen\u00ed Va\u0161\u00ed objedn\u00e1vky.<\/p>\r\n<p>5. Provozovatel je povinen zabezpe\u010dit osobn\u00ed \u00fadaje p\u0159ed jejich zp\u0159\u00edstupn\u011bn\u00edm neopr\u00e1vn\u011bn\u00fdm osob\u00e1m.<\/p>\r\n<p>6. Dot\u010den\u00e1 osoba m\u00e1 pr\u00e1va vymezen\u00e1 ve smyslu \u00a7 28 Z\u00e1kona \u010dj. 122\/2013 Sb. o ochran\u011b osobn\u00edch \u00fadaj\u016f ve zn\u011bn\u00ed platn\u00fdch novel.<\/p>\r\n<p>7. Pokud kupuj\u00edc\u00ed souhlasil se zpracov\u00e1n\u00edm osobn\u00edch \u00fadaj\u016f p\u0159i registraci v e-shopu pro marketingov\u00e9 \u00fa\u010dely, souhlasil se zas\u00edl\u00e1n\u00edm p\u0159edev\u0161\u00edm e-mailov\u00fdch zpr\u00e1v na kontaktn\u00ed e-mailovou adresu, telefonick\u00fdm kontaktov\u00e1n\u00edm nebo zas\u00edl\u00e1n\u00edm adresn\u00ed po\u0161ty na kontaktn\u00ed adresu.<\/p>\r\n<p>8. Osobn\u00ed \u00fadaje pro marketingov\u00e9 \u00fa\u010dely v rozsahu jm\u00e9no a p\u0159\u00edjmen\u00ed, telefonn\u00ed \u010d\u00edslo, adresa a e-mailov\u00e1 adresu jsou poskytnuty na dobu p\u011bti let.<\/p>\r\n<p>9. Sv\u016fj souhlas m\u016f\u017ee kupuj\u00edc\u00ed kdykoli p\u00edsemn\u011b odvolat zasl\u00e1n\u00edm Odvol\u00e1n\u00ed se zpracov\u00e1n\u00edm osobn\u00edch \u00fadaj\u016f, p\u0159i\u010dem\u017e tyto okam\u017eit\u011b blokujeme nebo likvidujeme. A z na\u0161\u00ed strany V\u00e1mi poskytnut\u00e9 osobn\u00ed \u00fadaje ji\u017e nebudeme pou\u017e\u00edvat pro marketingov\u00e9 \u00fa\u010dely<\/p>\r\n<p>10. Pokud kupuj\u00edc\u00ed souhlasil se zpracov\u00e1n\u00edm osobn\u00edch \u00fadaj\u016f p\u0159i registraci v e-shopu s registrac\u00ed ve v\u011brnostn\u00edm programu souhlasil se shroma\u017e\u010fov\u00e1n\u00edm z\u00edskan\u00fdch osobn\u00edch \u00fadaj\u016f v\u010detn\u011b informac\u00ed o objedn\u00e1vk\u00e1ch za \u00fa\u010delem poskytov\u00e1n\u00ed slev.<\/p>\r\n<p>11. Osobn\u00ed \u00fadaje pro v\u011brnostn\u00ed program v rozsahu jm\u00e9no a p\u0159\u00edjmen\u00ed, telefonn\u00ed \u010d\u00edslo, adresa a e-mailov\u00e1 adresu jsou poskytnuty na dobu p\u011bti let.<\/p>\r\n<p>12. Sv\u016fj souhlas m\u016f\u017ee kupuj\u00edc\u00ed kdykoli p\u00edsemn\u011b odvolat zasl\u00e1n\u00edm Odvol\u00e1n\u00ed se zpracov\u00e1n\u00edm osobn\u00edch \u00fadaj\u016f, p\u0159i\u010dem\u017e tyto okam\u017eit\u011b blokujeme nebo likvidujeme.<\/p>\r\n<p>13. Prod\u00e1vaj\u00edc\u00ed nep\u0159ich\u00e1z\u00ed do kontaktu s informacemi o platebn\u00edch kart\u00e1ch ani s informacemi o p\u0159ihla\u0161ovac\u00edch jm\u00e9nech ani heslech ani k\u00f3dech zad\u00e1van\u00fdch kupuj\u00edc\u00edm p\u0159i platb\u011b za zbo\u017e\u00ed. Za ochranu t\u011bchto \u00fadaj\u016f jsou v pln\u00e9m rozsahu zodpov\u011bdn\u00ed provozovatel\u00e9 platebn\u00edch bran.<\/p>\r\n<\/div>\r\n<p>[\/vc_column_text][\/vc_column][\/vc_row]<\/p>","protected":false},"excerpt":{"rendered":"<p>[vc_row css=&#8220;.vc_custom_1550212476104{margin-bottom: 0px !important;padding-top: 80px !important;padding-bottom: 80px !important;}&#8220;][vc_column][vc_column_text] 1. Osobn\u00ed \u00fadaje jsou zpracov\u00e1v\u00e1ny v souladu se z\u00e1konem \u010d.j. 122\/2013 Sb. o ochran\u011b osobn\u00edch \u00fadaj\u016f ve zn\u011bn\u00ed pozd\u011bj\u0161\u00edch p\u0159edpis\u016f, \u0159\u00edd\u00edc\u00edch se z\u00e1kony Slovensk\u00e9 republiky. 2. Provozovatel neposkytuje osobn\u00ed \u00fadaje kupuj\u00edc\u00edho t\u0159et\u00ed osob\u011b, krom\u011b p\u0159epravn\u00ed spole\u010dnosti pro doru\u010den\u00ed zbo\u017e\u00ed nebo slu\u017eeb, nebo st\u00e1tn\u00edm org\u00e1n\u016fm v p\u0159\u00edpad\u011b kontroly&#8230;.<a class=\"r_more_blog\" href=\"https:\/\/piqipi.com\/cz\/zasady-ochrany-osobnich-udaju\/#more-35960\"> continue reading<\/a><\/p>\n","protected":false},"author":1,"featured_media":0,"parent":0,"menu_order":0,"comment_status":"closed","ping_status":"closed","template":"","meta":{"footnotes":""},"class_list":["post-35960","page","type-page","status-publish","hentry"],"yoast_head":"<!-- This site is optimized with the Yoast SEO plugin v23.0 - https:\/\/yoast.com\/wordpress\/plugins\/seo\/ -->\n<title>Z\u00e1sady ochrany osobn\u00edch \u00fadaj\u016f - piqipi.com<\/title>\n<meta name=\"robots\" content=\"index, follow, max-snippet:-1, max-image-preview:large, max-video-preview:-1\" \/>\n<link rel=\"canonical\" href=\"https:\/\/piqipi.com\/cz\/zasady-ochrany-osobnich-udaju\/\" \/>\n<meta property=\"og:locale\" content=\"cs_CZ\" \/>\n<meta property=\"og:type\" content=\"article\" \/>\n<meta property=\"og:title\" content=\"Z\u00e1sady ochrany osobn\u00edch \u00fadaj\u016f - piqipi.com\" \/>\n<meta property=\"og:description\" content=\"[vc_row css=&#8220;.vc_custom_1550212476104{margin-bottom: 0px !important;padding-top: 80px !important;padding-bottom: 80px !important;}&#8220;][vc_column][vc_column_text] 1. Osobn\u00ed \u00fadaje jsou zpracov\u00e1v\u00e1ny v souladu se z\u00e1konem \u010d.j. 122\/2013 Sb. o ochran\u011b osobn\u00edch \u00fadaj\u016f ve zn\u011bn\u00ed pozd\u011bj\u0161\u00edch p\u0159edpis\u016f, \u0159\u00edd\u00edc\u00edch se z\u00e1kony Slovensk\u00e9 republiky. 2. Provozovatel neposkytuje osobn\u00ed \u00fadaje kupuj\u00edc\u00edho t\u0159et\u00ed osob\u011b, krom\u011b p\u0159epravn\u00ed spole\u010dnosti pro doru\u010den\u00ed zbo\u017e\u00ed nebo slu\u017eeb, nebo st\u00e1tn\u00edm org\u00e1n\u016fm v p\u0159\u00edpad\u011b kontroly.... continue reading\" \/>\n<meta property=\"og:url\" content=\"https:\/\/piqipi.com\/cz\/zasady-ochrany-osobnich-udaju\/\" \/>\n<meta property=\"og:site_name\" content=\"piqipi.com\" \/>\n<meta property=\"article:modified_time\" content=\"2023-05-24T19:50:21+00:00\" \/>\n<meta name=\"twitter:card\" content=\"summary_large_image\" \/>\n<meta name=\"twitter:label1\" content=\"Odhadovan\u00e1 doba \u010dten\u00ed\" \/>\n\t<meta name=\"twitter:data1\" content=\"2 minuty\" \/>\n<script type=\"application\/ld+json\" class=\"yoast-schema-graph\">{\"@context\":\"https:\/\/schema.org\",\"@graph\":[{\"@type\":\"WebPage\",\"@id\":\"https:\/\/piqipi.com\/cz\/zasady-ochrany-osobnich-udaju\/\",\"url\":\"https:\/\/piqipi.com\/cz\/zasady-ochrany-osobnich-udaju\/\",\"name\":\"Z\u00e1sady ochrany osobn\u00edch \u00fadaj\u016f - piqipi.com\",\"isPartOf\":{\"@id\":\"https:\/\/piqipi.com\/cz\/#website\"},\"datePublished\":\"2018-12-07T12:55:09+00:00\",\"dateModified\":\"2023-05-24T19:50:21+00:00\",\"breadcrumb\":{\"@id\":\"https:\/\/piqipi.com\/cz\/zasady-ochrany-osobnich-udaju\/#breadcrumb\"},\"inLanguage\":\"cs\",\"potentialAction\":[{\"@type\":\"ReadAction\",\"target\":[\"https:\/\/piqipi.com\/cz\/zasady-ochrany-osobnich-udaju\/\"]}]},{\"@type\":\"BreadcrumbList\",\"@id\":\"https:\/\/piqipi.com\/cz\/zasady-ochrany-osobnich-udaju\/#breadcrumb\",\"itemListElement\":[{\"@type\":\"ListItem\",\"position\":1,\"name\":\"Home\",\"item\":\"https:\/\/piqipi.com\/cz\/\"},{\"@type\":\"ListItem\",\"position\":2,\"name\":\"Z\u00e1sady ochrany osobn\u00edch \u00fadaj\u016f\"}]},{\"@type\":\"WebSite\",\"@id\":\"https:\/\/piqipi.com\/cz\/#website\",\"url\":\"https:\/\/piqipi.com\/cz\/\",\"name\":\"piqipi.com\",\"description\":\"Len \u010fal\u0161ia WordPress str\u00e1nka\",\"potentialAction\":[{\"@type\":\"SearchAction\",\"target\":{\"@type\":\"EntryPoint\",\"urlTemplate\":\"https:\/\/piqipi.com\/cz\/?s={search_term_string}\"},\"query-input\":\"required name=search_term_string\"}],\"inLanguage\":\"cs\"}]}<\/script>\n<!-- \/ Yoast SEO plugin. -->","yoast_head_json":{"title":"Z\u00e1sady ochrany osobn\u00edch \u00fadaj\u016f - piqipi.com","robots":{"index":"index","follow":"follow","max-snippet":"max-snippet:-1","max-image-preview":"max-image-preview:large","max-video-preview":"max-video-preview:-1"},"canonical":"https:\/\/piqipi.com\/cz\/zasady-ochrany-osobnich-udaju\/","og_locale":"cs_CZ","og_type":"article","og_title":"Z\u00e1sady ochrany osobn\u00edch \u00fadaj\u016f - piqipi.com","og_description":"[vc_row css=&#8220;.vc_custom_1550212476104{margin-bottom: 0px !important;padding-top: 80px !important;padding-bottom: 80px !important;}&#8220;][vc_column][vc_column_text] 1. Osobn\u00ed \u00fadaje jsou zpracov\u00e1v\u00e1ny v souladu se z\u00e1konem \u010d.j. 122\/2013 Sb. o ochran\u011b osobn\u00edch \u00fadaj\u016f ve zn\u011bn\u00ed pozd\u011bj\u0161\u00edch p\u0159edpis\u016f, \u0159\u00edd\u00edc\u00edch se z\u00e1kony Slovensk\u00e9 republiky. 2. Provozovatel neposkytuje osobn\u00ed \u00fadaje kupuj\u00edc\u00edho t\u0159et\u00ed osob\u011b, krom\u011b p\u0159epravn\u00ed spole\u010dnosti pro doru\u010den\u00ed zbo\u017e\u00ed nebo slu\u017eeb, nebo st\u00e1tn\u00edm org\u00e1n\u016fm v p\u0159\u00edpad\u011b kontroly.... continue reading","og_url":"https:\/\/piqipi.com\/cz\/zasady-ochrany-osobnich-udaju\/","og_site_name":"piqipi.com","article_modified_time":"2023-05-24T19:50:21+00:00","twitter_card":"summary_large_image","twitter_misc":{"Odhadovan\u00e1 doba \u010dten\u00ed":"2 minuty"},"schema":{"@context":"https:\/\/schema.org","@graph":[{"@type":"WebPage","@id":"https:\/\/piqipi.com\/cz\/zasady-ochrany-osobnich-udaju\/","url":"https:\/\/piqipi.com\/cz\/zasady-ochrany-osobnich-udaju\/","name":"Z\u00e1sady ochrany osobn\u00edch \u00fadaj\u016f - piqipi.com","isPartOf":{"@id":"https:\/\/piqipi.com\/cz\/#website"},"datePublished":"2018-12-07T12:55:09+00:00","dateModified":"2023-05-24T19:50:21+00:00","breadcrumb":{"@id":"https:\/\/piqipi.com\/cz\/zasady-ochrany-osobnich-udaju\/#breadcrumb"},"inLanguage":"cs","potentialAction":[{"@type":"ReadAction","target":["https:\/\/piqipi.com\/cz\/zasady-ochrany-osobnich-udaju\/"]}]},{"@type":"BreadcrumbList","@id":"https:\/\/piqipi.com\/cz\/zasady-ochrany-osobnich-udaju\/#breadcrumb","itemListElement":[{"@type":"ListItem","position":1,"name":"Home","item":"https:\/\/piqipi.com\/cz\/"},{"@type":"ListItem","position":2,"name":"Z\u00e1sady ochrany osobn\u00edch \u00fadaj\u016f"}]},{"@type":"WebSite","@id":"https:\/\/piqipi.com\/cz\/#website","url":"https:\/\/piqipi.com\/cz\/","name":"piqipi.com","description":"Len \u010fal\u0161ia WordPress str\u00e1nka","potentialAction":[{"@type":"SearchAction","target":{"@type":"EntryPoint","urlTemplate":"https:\/\/piqipi.com\/cz\/?s={search_term_string}"},"query-input":"required name=search_term_string"}],"inLanguage":"cs"}]}},"_links":{"self":[{"href":"https:\/\/piqipi.com\/cz\/wp-json\/wp\/v2\/pages\/35960","targetHints":{"allow":["GET"]}}],"collection":[{"href":"https:\/\/piqipi.com\/cz\/wp-json\/wp\/v2\/pages"}],"about":[{"href":"https:\/\/piqipi.com\/cz\/wp-json\/wp\/v2\/types\/page"}],"author":[{"embeddable":true,"href":"https:\/\/piqipi.com\/cz\/wp-json\/wp\/v2\/users\/1"}],"replies":[{"embeddable":true,"href":"https:\/\/piqipi.com\/cz\/wp-json\/wp\/v2\/comments?post=35960"}],"version-history":[{"count":4,"href":"https:\/\/piqipi.com\/cz\/wp-json\/wp\/v2\/pages\/35960\/revisions"}],"predecessor-version":[{"id":35969,"href":"https:\/\/piqipi.com\/cz\/wp-json\/wp\/v2\/pages\/35960\/revisions\/35969"}],"wp:attachment":[{"href":"https:\/\/piqipi.com\/cz\/wp-json\/wp\/v2\/media?parent=35960"}],"curies":[{"name":"wp","href":"https:\/\/api.w.org\/{rel}","templated":true}]}}