{"id":35961,"date":"2018-12-07T12:55:09","date_gmt":"2018-12-07T12:55:09","guid":{"rendered":"https:\/\/piqipi.com\/?page_id=35961"},"modified":"2023-05-24T21:51:44","modified_gmt":"2023-05-24T19:51:44","slug":"zasady-ochrany-osobnych-udajov","status":"publish","type":"page","link":"https:\/\/piqipi.com\/sk\/zasady-ochrany-osobnych-udajov\/","title":{"rendered":"Z\u00e1sady ochrany osobn\u00fdch \u00fadajov"},"content":{"rendered":"<p>[vc_row css=&#8220;.vc_custom_1550212476104{margin-bottom: 0px !important;padding-top: 80px !important;padding-bottom: 80px !important;}&#8220;][vc_column][vc_column_text]<\/p>\r\n<div>\r\n<p>1. Osobn\u00e9 \u00fadaje s\u00fa sprac\u00favan\u00e9 v s\u00falade so z\u00e1konom \u010d. 122\/2013 Z. z. o ochrane osobn\u00fdch \u00fadajov v znen\u00ed neskor\u0161\u00edch predpisov.<\/p>\r\n<p>2. Prev\u00e1dzkovate\u013e neposkytuje osobn\u00e9 \u00fadaje kupuj\u00faceho tretej osobe, okrem prepravnej spolo\u010dnosti pre doru\u010denie tovaru alebo slu\u017eieb, alebo \u0161t\u00e1tnym org\u00e1nom v pr\u00edpade kontroly.<\/p>\r\n<p>3. Prev\u00e1dzkovate\u013e od kupuj\u00faceho z\u00edskava nasledovn\u00e9 osobn\u00e9 \u00fadaje: meno, priezvisko, adresa, adresa na doru\u010denie, telef\u00f3nne \u010d\u00edslo a e-mailov\u00e1 adresa. V pr\u00edpade objedn\u00e1vky na firmu (\u017eivnostn\u00edk, s.r.o. alebo a.s.) aj: n\u00e1zov firmy, I\u010cO, DI\u010c a I\u010c DPH (I\u010c DPH v pr\u00edpade platcu DPH).<\/p>\r\n<p>4. Vami poskytnut\u00e9 osobn\u00e9 \u00fadaje s\u00fa sprac\u00favan\u00e9 za \u00fa\u010delom korektn\u00e9ho vybavenia Va\u0161ej objedn\u00e1vky.<\/p>\r\n<p>5. Prev\u00e1dzkovate\u013e je povinn\u00fd zabezpe\u010di\u0165 osobn\u00e9 \u00fadaje pred ich spr\u00edstupnen\u00edm neopr\u00e1vnen\u00fdm osob\u00e1m.<\/p>\r\n<p>6. Dotknut\u00e1 osoba m\u00e1 pr\u00e1va vymedzen\u00e9 v zmysle \u00a7 28 Z\u00e1kona \u010d. 122\/2013 Z.z. o ochrane osobn\u00fdch \u00fadajov v znen\u00ed platn\u00fdch noviel.<\/p>\r\n<p>7. Ak kupuj\u00faci s\u00fahlasil so sprac\u00favan\u00edm osobn\u00fdch \u00fadajov pri registr\u00e1cii v e-shope na marketingov\u00e9 \u00fa\u010dely, s\u00fahlasil so zasielan\u00edm predov\u0161etk\u00fdm e-mailov\u00fdch spr\u00e1v na kontaktn\u00fa e-mailov\u00fa adresu, telefonick\u00fdm kontaktovan\u00edm alebo zasielan\u00edm adresnej po\u0161ty na kontaktn\u00fa adresu.<\/p>\r\n<p>8. Osobn\u00e9 \u00fadaje pre marketingov\u00e9 \u00fa\u010dely v rozsahu meno a priezvisko, telef\u00f3nne \u010d\u00edslo, adresa a e-mailov\u00e1 adresu s\u00fa poskytnut\u00e9 na dobu piatich rokov.<\/p>\r\n<p>9. Svoj s\u00fahlas m\u00f4\u017ee kupuj\u00faci kedyko\u013evek p\u00edsomne odvola\u0165 zaslan\u00edm Odvolania so sprac\u00favan\u00edm osobn\u00fdch \u00fadajov, pri\u010dom tieto okam\u017eite blokujeme alebo likvidujeme. A z na\u0161ej strany Vami poskytnut\u00e9 osobn\u00e9 \u00fadaje u\u017e nebudeme pou\u017e\u00edva\u0165 na marketingov\u00e9 \u00fa\u010dely<\/p>\r\n<p>10. Ak kupuj\u00faci s\u00fahlasil so sprac\u00favan\u00edm osobn\u00fdch \u00fadajov pri registr\u00e1cii v e-shope s registr\u00e1ciou vo vernostnom programe s\u00fahlasil so zhroma\u017e\u010fovan\u00edm z\u00edskan\u00fdch osobn\u00fdch \u00fadajov vr\u00e1tane inform\u00e1ci\u00ed o objedn\u00e1vkach za \u00fa\u010delom poskytovania zliav.<\/p>\r\n<p>11. Osobn\u00e9 \u00fadaje pre vernostn\u00fd program v rozsahu meno a priezvisko, telef\u00f3nne \u010d\u00edslo, adresa a e-mailov\u00e1 adresu s\u00fa poskytnut\u00e9 na dobu piatich rokov.<\/p>\r\n<p>12. Svoj s\u00fahlas m\u00f4\u017ee kupuj\u00faci kedyko\u013evek p\u00edsomne odvola\u0165 zaslan\u00edm Odvolania so sprac\u00favan\u00edm osobn\u00fdch \u00fadajov, pri\u010dom tieto okam\u017eite blokujeme alebo likvidujeme.<\/p>\r\n<p>13. Pred\u00e1vaj\u00faci neprich\u00e1dza do kontaktu s inform\u00e1ciami o platobn\u00fdch kart\u00e1ch ani s inform\u00e1ciami o prihlasovac\u00edch men\u00e1ch ani hesl\u00e1ch ani k\u00f3doch zad\u00e1van\u00fdch kupuj\u00facim pri platbe za tovar. Za ochranu t\u00fdchto \u00fadajov s\u00fa v plnom rozsahu zodpovedn\u00ed prev\u00e1dzkovatelia platobn\u00fdch br\u00e1n.<\/p>\r\n<\/div>\r\n<p>[\/vc_column_text][\/vc_column][\/vc_row]<\/p>","protected":false},"excerpt":{"rendered":"<p>[vc_row css=&#8220;.vc_custom_1550212476104{margin-bottom: 0px !important;padding-top: 80px !important;padding-bottom: 80px !important;}&#8220;][vc_column][vc_column_text] 1. Osobn\u00e9 \u00fadaje s\u00fa sprac\u00favan\u00e9 v s\u00falade so z\u00e1konom \u010d. 122\/2013 Z. z. o ochrane osobn\u00fdch \u00fadajov v znen\u00ed neskor\u0161\u00edch predpisov. 2. Prev\u00e1dzkovate\u013e neposkytuje osobn\u00e9 \u00fadaje kupuj\u00faceho tretej osobe, okrem prepravnej spolo\u010dnosti pre doru\u010denie tovaru alebo slu\u017eieb, alebo \u0161t\u00e1tnym org\u00e1nom v pr\u00edpade kontroly. 3. Prev\u00e1dzkovate\u013e od kupuj\u00faceho&#8230;<a class=\"r_more_blog\" href=\"https:\/\/piqipi.com\/sk\/zasady-ochrany-osobnych-udajov\/#more-35961\"> continue reading<\/a><\/p>\n","protected":false},"author":1,"featured_media":0,"parent":0,"menu_order":0,"comment_status":"closed","ping_status":"closed","template":"","meta":{"footnotes":""},"class_list":["post-35961","page","type-page","status-publish","hentry"],"yoast_head":"<!-- This site is optimized with the Yoast SEO plugin v23.0 - https:\/\/yoast.com\/wordpress\/plugins\/seo\/ -->\n<title>Z\u00e1sady ochrany osobn\u00fdch \u00fadajov - piqipi.com<\/title>\n<meta name=\"robots\" content=\"index, follow, max-snippet:-1, max-image-preview:large, max-video-preview:-1\" \/>\n<link rel=\"canonical\" href=\"https:\/\/piqipi.com\/sk\/zasady-ochrany-osobnych-udajov\/\" \/>\n<meta property=\"og:locale\" content=\"sk_SK\" \/>\n<meta property=\"og:type\" content=\"article\" \/>\n<meta property=\"og:title\" content=\"Z\u00e1sady ochrany osobn\u00fdch \u00fadajov - piqipi.com\" \/>\n<meta property=\"og:description\" content=\"[vc_row css=&#8220;.vc_custom_1550212476104{margin-bottom: 0px !important;padding-top: 80px !important;padding-bottom: 80px !important;}&#8220;][vc_column][vc_column_text] 1. Osobn\u00e9 \u00fadaje s\u00fa sprac\u00favan\u00e9 v s\u00falade so z\u00e1konom \u010d. 122\/2013 Z. z. o ochrane osobn\u00fdch \u00fadajov v znen\u00ed neskor\u0161\u00edch predpisov. 2. Prev\u00e1dzkovate\u013e neposkytuje osobn\u00e9 \u00fadaje kupuj\u00faceho tretej osobe, okrem prepravnej spolo\u010dnosti pre doru\u010denie tovaru alebo slu\u017eieb, alebo \u0161t\u00e1tnym org\u00e1nom v pr\u00edpade kontroly. 3. Prev\u00e1dzkovate\u013e od kupuj\u00faceho... continue reading\" \/>\n<meta property=\"og:url\" content=\"https:\/\/piqipi.com\/sk\/zasady-ochrany-osobnych-udajov\/\" \/>\n<meta property=\"og:site_name\" content=\"piqipi.com\" \/>\n<meta property=\"article:modified_time\" content=\"2023-05-24T19:51:44+00:00\" \/>\n<meta name=\"twitter:card\" content=\"summary_large_image\" \/>\n<meta name=\"twitter:label1\" content=\"Predpokladan\u00fd \u010das \u010d\u00edtania\" \/>\n\t<meta name=\"twitter:data1\" content=\"2 min\u00faty\" \/>\n<script type=\"application\/ld+json\" class=\"yoast-schema-graph\">{\"@context\":\"https:\/\/schema.org\",\"@graph\":[{\"@type\":\"WebPage\",\"@id\":\"https:\/\/piqipi.com\/sk\/zasady-ochrany-osobnych-udajov\/\",\"url\":\"https:\/\/piqipi.com\/sk\/zasady-ochrany-osobnych-udajov\/\",\"name\":\"Z\u00e1sady ochrany osobn\u00fdch \u00fadajov - piqipi.com\",\"isPartOf\":{\"@id\":\"https:\/\/piqipi.com\/sk\/#website\"},\"datePublished\":\"2018-12-07T12:55:09+00:00\",\"dateModified\":\"2023-05-24T19:51:44+00:00\",\"breadcrumb\":{\"@id\":\"https:\/\/piqipi.com\/sk\/zasady-ochrany-osobnych-udajov\/#breadcrumb\"},\"inLanguage\":\"sk-SK\",\"potentialAction\":[{\"@type\":\"ReadAction\",\"target\":[\"https:\/\/piqipi.com\/sk\/zasady-ochrany-osobnych-udajov\/\"]}]},{\"@type\":\"BreadcrumbList\",\"@id\":\"https:\/\/piqipi.com\/sk\/zasady-ochrany-osobnych-udajov\/#breadcrumb\",\"itemListElement\":[{\"@type\":\"ListItem\",\"position\":1,\"name\":\"Home\",\"item\":\"https:\/\/piqipi.com\/sk\/\"},{\"@type\":\"ListItem\",\"position\":2,\"name\":\"Z\u00e1sady ochrany osobn\u00fdch \u00fadajov\"}]},{\"@type\":\"WebSite\",\"@id\":\"https:\/\/piqipi.com\/sk\/#website\",\"url\":\"https:\/\/piqipi.com\/sk\/\",\"name\":\"piqipi.com\",\"description\":\"Len \u010fal\u0161ia WordPress str\u00e1nka\",\"potentialAction\":[{\"@type\":\"SearchAction\",\"target\":{\"@type\":\"EntryPoint\",\"urlTemplate\":\"https:\/\/piqipi.com\/sk\/?s={search_term_string}\"},\"query-input\":\"required name=search_term_string\"}],\"inLanguage\":\"sk-SK\"}]}<\/script>\n<!-- \/ Yoast SEO plugin. -->","yoast_head_json":{"title":"Z\u00e1sady ochrany osobn\u00fdch \u00fadajov - piqipi.com","robots":{"index":"index","follow":"follow","max-snippet":"max-snippet:-1","max-image-preview":"max-image-preview:large","max-video-preview":"max-video-preview:-1"},"canonical":"https:\/\/piqipi.com\/sk\/zasady-ochrany-osobnych-udajov\/","og_locale":"sk_SK","og_type":"article","og_title":"Z\u00e1sady ochrany osobn\u00fdch \u00fadajov - piqipi.com","og_description":"[vc_row css=&#8220;.vc_custom_1550212476104{margin-bottom: 0px !important;padding-top: 80px !important;padding-bottom: 80px !important;}&#8220;][vc_column][vc_column_text] 1. Osobn\u00e9 \u00fadaje s\u00fa sprac\u00favan\u00e9 v s\u00falade so z\u00e1konom \u010d. 122\/2013 Z. z. o ochrane osobn\u00fdch \u00fadajov v znen\u00ed neskor\u0161\u00edch predpisov. 2. Prev\u00e1dzkovate\u013e neposkytuje osobn\u00e9 \u00fadaje kupuj\u00faceho tretej osobe, okrem prepravnej spolo\u010dnosti pre doru\u010denie tovaru alebo slu\u017eieb, alebo \u0161t\u00e1tnym org\u00e1nom v pr\u00edpade kontroly. 3. Prev\u00e1dzkovate\u013e od kupuj\u00faceho... continue reading","og_url":"https:\/\/piqipi.com\/sk\/zasady-ochrany-osobnych-udajov\/","og_site_name":"piqipi.com","article_modified_time":"2023-05-24T19:51:44+00:00","twitter_card":"summary_large_image","twitter_misc":{"Predpokladan\u00fd \u010das \u010d\u00edtania":"2 min\u00faty"},"schema":{"@context":"https:\/\/schema.org","@graph":[{"@type":"WebPage","@id":"https:\/\/piqipi.com\/sk\/zasady-ochrany-osobnych-udajov\/","url":"https:\/\/piqipi.com\/sk\/zasady-ochrany-osobnych-udajov\/","name":"Z\u00e1sady ochrany osobn\u00fdch \u00fadajov - piqipi.com","isPartOf":{"@id":"https:\/\/piqipi.com\/sk\/#website"},"datePublished":"2018-12-07T12:55:09+00:00","dateModified":"2023-05-24T19:51:44+00:00","breadcrumb":{"@id":"https:\/\/piqipi.com\/sk\/zasady-ochrany-osobnych-udajov\/#breadcrumb"},"inLanguage":"sk-SK","potentialAction":[{"@type":"ReadAction","target":["https:\/\/piqipi.com\/sk\/zasady-ochrany-osobnych-udajov\/"]}]},{"@type":"BreadcrumbList","@id":"https:\/\/piqipi.com\/sk\/zasady-ochrany-osobnych-udajov\/#breadcrumb","itemListElement":[{"@type":"ListItem","position":1,"name":"Home","item":"https:\/\/piqipi.com\/sk\/"},{"@type":"ListItem","position":2,"name":"Z\u00e1sady ochrany osobn\u00fdch \u00fadajov"}]},{"@type":"WebSite","@id":"https:\/\/piqipi.com\/sk\/#website","url":"https:\/\/piqipi.com\/sk\/","name":"piqipi.com","description":"Len \u010fal\u0161ia WordPress str\u00e1nka","potentialAction":[{"@type":"SearchAction","target":{"@type":"EntryPoint","urlTemplate":"https:\/\/piqipi.com\/sk\/?s={search_term_string}"},"query-input":"required name=search_term_string"}],"inLanguage":"sk-SK"}]}},"_links":{"self":[{"href":"https:\/\/piqipi.com\/sk\/wp-json\/wp\/v2\/pages\/35961","targetHints":{"allow":["GET"]}}],"collection":[{"href":"https:\/\/piqipi.com\/sk\/wp-json\/wp\/v2\/pages"}],"about":[{"href":"https:\/\/piqipi.com\/sk\/wp-json\/wp\/v2\/types\/page"}],"author":[{"embeddable":true,"href":"https:\/\/piqipi.com\/sk\/wp-json\/wp\/v2\/users\/1"}],"replies":[{"embeddable":true,"href":"https:\/\/piqipi.com\/sk\/wp-json\/wp\/v2\/comments?post=35961"}],"version-history":[{"count":4,"href":"https:\/\/piqipi.com\/sk\/wp-json\/wp\/v2\/pages\/35961\/revisions"}],"predecessor-version":[{"id":35970,"href":"https:\/\/piqipi.com\/sk\/wp-json\/wp\/v2\/pages\/35961\/revisions\/35970"}],"wp:attachment":[{"href":"https:\/\/piqipi.com\/sk\/wp-json\/wp\/v2\/media?parent=35961"}],"curies":[{"name":"wp","href":"https:\/\/api.w.org\/{rel}","templated":true}]}}