{"id":33656,"date":"2019-01-24T08:51:21","date_gmt":"2019-01-24T08:51:21","guid":{"rendered":"https:\/\/piqipi.com\/product\/piqipi-boy-edition\/"},"modified":"2022-04-04T22:53:07","modified_gmt":"2022-04-04T20:53:07","slug":"piqipi-edicia-chlapcek","status":"publish","type":"product","link":"https:\/\/piqipi.com\/sk\/produkt\/piqipi-edicia-chlapcek\/","title":{"rendered":"Piqipi ed\u00edcia Chlap\u010dek"},"content":{"rendered":"<p>[vc_row css=&#8220;.vc_custom_1534072420159{margin-bottom: 50px !important;}&#8220;][vc_column width=&#8220;1\/2&#8243;][vc_column_text]<\/p>\n<h6><strong>DETAILY<\/strong><\/h6>\n<p>Interakt\u00edvna kni\u017eka Chlap\u010dek je v\u00fdsledkom prec\u00edznej ru\u010dnej pr\u00e1ce. V kni\u017eke n\u00e1jdete mno\u017estvo aktiv\u00edt, ktor\u00e9 zabavia ka\u017ed\u00e9ho chlapca \u010di diev\u010da. Tento origin\u00e1lny Quiet book umo\u017en\u00ed zahra\u0165 sa na oprav\u00e1ra \u00e1ut, chyta\u0165 ryby \u010di riadi\u0165 dopravu. Rozvoj jemnej motoriky, z\u00e1bava a z\u00e1rove\u0148 vzdel\u00e1vanie, to je cie\u013eom interakt\u00edvnych kni\u017eiek Piqipi.<\/p>\n<p>Piqipi je hra\u010dka, ktor\u00fa deti miluj\u00fa. To dokazuje na\u0161e ocenenie Absol\u00fatny v\u00ed\u0165az v s\u00fa\u0165a\u017ei Hra\u010dka roku 2017 a dizajn nominovan\u00fd v Red Dot Award.[\/vc_column_text][\/vc_column][vc_column width=&#8220;1\/2&#8243;][vc_column_text]<\/p>\n<h6><strong>OBSAHUJE<\/strong><\/h6>\n<p>3 sady abecedy, r\u00e1m\u010dek na fotku, hodiny s pohybliv\u00fdm cifern\u00edkom, 4 odoberate\u013en\u00e9 jablk\u00e1 na cvoky, 2 x 5 dielne puzzle na such\u00fd zips, 2 odoberate\u013en\u00e9 koles\u00e1 na cvoky, 6 pohybliv\u00fdch aut\u00ed\u010dok, 11 odoberate\u013e\u00fdch \u010dast\u00ed na such\u00fd zips v dopravnom ihrisku, 16 odoberate\u013en\u00fdch \u010dast\u00ed tv\u00e1re na such\u00fd zips, 6 odoberate\u013en\u00fdch \u010dast\u00ed bal\u00f3na na such\u00fd zips, \u010dln na zips, 9 predmetov zap\u00ednate\u013en\u00fdch na gomb\u00edky. Spolu 142 odoberate\u013en\u00fdch dielov.<\/p>\n<p><strong>Materi\u00e1l:<\/strong> 40% polyester, 60% bavlna[\/vc_column_text][\/vc_column][\/vc_row][vc_row css=&#8220;.vc_custom_1549958524226{margin-bottom: 30px !important;}&#8220;][vc_column width=&#8220;1\/3&#8243;][vc_single_image image=&#8220;33356&#8243; img_size=&#8220;full&#8220; add_caption=&#8220;yes&#8220; alignment=&#8220;center&#8220; onclick=&#8220;link_image&#8220;][\/vc_column][vc_column width=&#8220;1\/3&#8243;][vc_single_image image=&#8220;33354&#8243; img_size=&#8220;full&#8220; add_caption=&#8220;yes&#8220; alignment=&#8220;center&#8220; onclick=&#8220;link_image&#8220;][\/vc_column][vc_column width=&#8220;1\/3&#8243;][vc_single_image image=&#8220;33352&#8243; img_size=&#8220;full&#8220; add_caption=&#8220;yes&#8220; alignment=&#8220;center&#8220; onclick=&#8220;link_image&#8220;][\/vc_column][\/vc_row][vc_row css=&#8220;.vc_custom_1534073602940{margin-bottom: 0px !important;}&#8220;][vc_column width=&#8220;1\/2&#8243;][vc_column_text]<\/p>\n<h6><strong>VE\u013dKOS\u0164<\/strong><\/h6>\n<p>Kni\u017eka spolu obsahuje 12 str\u00e1n.<\/p>\n<p>Rozmery balenia (D x \u0160 x V): 27 x 8 x 27 cm[\/vc_column_text][\/vc_column][vc_column width=&#8220;1\/2&#8243;][vc_column_text]<\/p>\n<h6><strong>VIAC O PIQIPI<\/strong><\/h6>\n<p><img decoding=\"async\" class=\"alignnone wp-image-33282 lazyload\" data-src=\"https:\/\/piqipi.com\/wp-content\/uploads\/2021\/05\/piqipi-logo-1.png\" alt=\"\" width=\"167\" height=\"83\" src=\"data:image\/svg+xml;base64,PHN2ZyB3aWR0aD0iMSIgaGVpZ2h0PSIxIiB4bWxucz0iaHR0cDovL3d3dy53My5vcmcvMjAwMC9zdmciPjwvc3ZnPg==\" style=\"--smush-placeholder-width: 167px; --smush-placeholder-aspect-ratio: 167\/83;\" \/><\/p>\n<p>Gomb\u00edky, zipsy, \u0161n\u00farky&#8230; ktor\u00fd drobec by odolal? Interakt\u00edvne kni\u017eky Piqipi poskytn\u00fa deti\u010dk\u00e1m mo\u017enos\u0165 zahra\u0165 sa s r\u00f4znymi druhmi materi\u00e1lov a predmetov, a pritom sa vzdel\u00e1va\u0165. M\u00f4\u017eu sklada\u0165 puzzle, hra\u0165 sa s p\u00edsmenkami, s \u010d\u00edslami, s r\u00f4znymi geometrick\u00fdmi tvarmi, a to v\u0161etko v kvalitne prepracovanej kni\u017eke bez slov.[\/vc_column_text][\/vc_column][\/vc_row]<\/p>\n","protected":false},"excerpt":{"rendered":"<p>Quiet book, ktor\u00fd otv\u00e1ra br\u00e1ny do krajiny plnej dobrodru\u017estva! V\u010faka tejto kni\u017eke sa ka\u017ed\u00e9 die\u0165a m\u00f4\u017ee nachv\u00ed\u013eu sta\u0165 oprav\u00e1rom \u00e1ut, riadi\u0165 dopravn\u00fa situ\u00e1ciu \u010di lovi\u0165 podmorsk\u00e9 poklady.<\/p>\n","protected":false},"featured_media":33662,"comment_status":"open","ping_status":"closed","template":"","meta":[],"product_cat":[95],"product_tag":[],"class_list":["post-33656","product","type-product","status-publish","has-post-thumbnail","hentry","product_cat-interaktivne-knihy"],"yoast_head":"<!-- This site is optimized with the Yoast SEO plugin v23.0 - https:\/\/yoast.com\/wordpress\/plugins\/seo\/ -->\n<title>Piqipi ed\u00edcia Chlap\u010dek - piqipi.com<\/title>\n<meta name=\"robots\" content=\"index, follow, max-snippet:-1, max-image-preview:large, max-video-preview:-1\" \/>\n<link rel=\"canonical\" href=\"https:\/\/piqipi.com\/sk\/produkt\/piqipi-edicia-chlapcek\/\" \/>\n<meta property=\"og:locale\" content=\"sk_SK\" \/>\n<meta property=\"og:type\" content=\"article\" \/>\n<meta property=\"og:title\" content=\"Piqipi ed\u00edcia Chlap\u010dek - piqipi.com\" \/>\n<meta property=\"og:description\" content=\"Quiet book, ktor\u00fd otv\u00e1ra br\u00e1ny do krajiny plnej dobrodru\u017estva! V\u010faka tejto kni\u017eke sa ka\u017ed\u00e9 die\u0165a m\u00f4\u017ee nachv\u00ed\u013eu sta\u0165 oprav\u00e1rom \u00e1ut, riadi\u0165 dopravn\u00fa situ\u00e1ciu \u010di lovi\u0165 podmorsk\u00e9 poklady.\" \/>\n<meta property=\"og:url\" content=\"https:\/\/piqipi.com\/sk\/produkt\/piqipi-edicia-chlapcek\/\" \/>\n<meta property=\"og:site_name\" content=\"piqipi.com\" \/>\n<meta property=\"article:modified_time\" content=\"2022-04-04T20:53:07+00:00\" \/>\n<meta property=\"og:image\" content=\"https:\/\/piqipi.com\/wp-content\/uploads\/2019\/01\/boy0-min.jpeg\" \/>\n\t<meta property=\"og:image:width\" content=\"1280\" \/>\n\t<meta property=\"og:image:height\" content=\"853\" \/>\n\t<meta property=\"og:image:type\" content=\"image\/jpeg\" \/>\n<meta name=\"twitter:card\" content=\"summary_large_image\" \/>\n<meta name=\"twitter:label1\" content=\"Predpokladan\u00fd \u010das \u010d\u00edtania\" \/>\n\t<meta name=\"twitter:data1\" content=\"2 min\u00faty\" \/>\n<script type=\"application\/ld+json\" class=\"yoast-schema-graph\">{\"@context\":\"https:\/\/schema.org\",\"@graph\":[{\"@type\":\"WebPage\",\"@id\":\"https:\/\/piqipi.com\/sk\/produkt\/piqipi-edicia-chlapcek\/\",\"url\":\"https:\/\/piqipi.com\/sk\/produkt\/piqipi-edicia-chlapcek\/\",\"name\":\"Piqipi ed\u00edcia Chlap\u010dek - piqipi.com\",\"isPartOf\":{\"@id\":\"https:\/\/piqipi.com\/sk\/#website\"},\"primaryImageOfPage\":{\"@id\":\"https:\/\/piqipi.com\/sk\/produkt\/piqipi-edicia-chlapcek\/#primaryimage\"},\"image\":{\"@id\":\"https:\/\/piqipi.com\/sk\/produkt\/piqipi-edicia-chlapcek\/#primaryimage\"},\"thumbnailUrl\":\"https:\/\/piqipi.com\/wp-content\/uploads\/2019\/01\/boy0-min.jpeg\",\"datePublished\":\"2019-01-24T08:51:21+00:00\",\"dateModified\":\"2022-04-04T20:53:07+00:00\",\"breadcrumb\":{\"@id\":\"https:\/\/piqipi.com\/sk\/produkt\/piqipi-edicia-chlapcek\/#breadcrumb\"},\"inLanguage\":\"sk-SK\",\"potentialAction\":[{\"@type\":\"ReadAction\",\"target\":[\"https:\/\/piqipi.com\/sk\/produkt\/piqipi-edicia-chlapcek\/\"]}]},{\"@type\":\"ImageObject\",\"inLanguage\":\"sk-SK\",\"@id\":\"https:\/\/piqipi.com\/sk\/produkt\/piqipi-edicia-chlapcek\/#primaryimage\",\"url\":\"https:\/\/piqipi.com\/wp-content\/uploads\/2019\/01\/boy0-min.jpeg\",\"contentUrl\":\"https:\/\/piqipi.com\/wp-content\/uploads\/2019\/01\/boy0-min.jpeg\",\"width\":1280,\"height\":853},{\"@type\":\"BreadcrumbList\",\"@id\":\"https:\/\/piqipi.com\/sk\/produkt\/piqipi-edicia-chlapcek\/#breadcrumb\",\"itemListElement\":[{\"@type\":\"ListItem\",\"position\":1,\"name\":\"Home\",\"item\":\"https:\/\/piqipi.com\/sk\/\"},{\"@type\":\"ListItem\",\"position\":2,\"name\":\"Obchod\",\"item\":\"https:\/\/piqipi.com\/sk\/obchod\/\"},{\"@type\":\"ListItem\",\"position\":3,\"name\":\"Piqipi ed\u00edcia Chlap\u010dek\"}]},{\"@type\":\"WebSite\",\"@id\":\"https:\/\/piqipi.com\/sk\/#website\",\"url\":\"https:\/\/piqipi.com\/sk\/\",\"name\":\"piqipi.com\",\"description\":\"Len \u010fal\u0161ia WordPress str\u00e1nka\",\"potentialAction\":[{\"@type\":\"SearchAction\",\"target\":{\"@type\":\"EntryPoint\",\"urlTemplate\":\"https:\/\/piqipi.com\/sk\/?s={search_term_string}\"},\"query-input\":\"required name=search_term_string\"}],\"inLanguage\":\"sk-SK\"}]}<\/script>\n<!-- \/ Yoast SEO plugin. -->","yoast_head_json":{"title":"Piqipi ed\u00edcia Chlap\u010dek - piqipi.com","robots":{"index":"index","follow":"follow","max-snippet":"max-snippet:-1","max-image-preview":"max-image-preview:large","max-video-preview":"max-video-preview:-1"},"canonical":"https:\/\/piqipi.com\/sk\/produkt\/piqipi-edicia-chlapcek\/","og_locale":"sk_SK","og_type":"article","og_title":"Piqipi ed\u00edcia Chlap\u010dek - piqipi.com","og_description":"Quiet book, ktor\u00fd otv\u00e1ra br\u00e1ny do krajiny plnej dobrodru\u017estva! V\u010faka tejto kni\u017eke sa ka\u017ed\u00e9 die\u0165a m\u00f4\u017ee nachv\u00ed\u013eu sta\u0165 oprav\u00e1rom \u00e1ut, riadi\u0165 dopravn\u00fa situ\u00e1ciu \u010di lovi\u0165 podmorsk\u00e9 poklady.","og_url":"https:\/\/piqipi.com\/sk\/produkt\/piqipi-edicia-chlapcek\/","og_site_name":"piqipi.com","article_modified_time":"2022-04-04T20:53:07+00:00","og_image":[{"width":1280,"height":853,"url":"https:\/\/piqipi.com\/wp-content\/uploads\/2019\/01\/boy0-min.jpeg","type":"image\/jpeg"}],"twitter_card":"summary_large_image","twitter_misc":{"Predpokladan\u00fd \u010das \u010d\u00edtania":"2 min\u00faty"},"schema":{"@context":"https:\/\/schema.org","@graph":[{"@type":"WebPage","@id":"https:\/\/piqipi.com\/sk\/produkt\/piqipi-edicia-chlapcek\/","url":"https:\/\/piqipi.com\/sk\/produkt\/piqipi-edicia-chlapcek\/","name":"Piqipi ed\u00edcia Chlap\u010dek - piqipi.com","isPartOf":{"@id":"https:\/\/piqipi.com\/sk\/#website"},"primaryImageOfPage":{"@id":"https:\/\/piqipi.com\/sk\/produkt\/piqipi-edicia-chlapcek\/#primaryimage"},"image":{"@id":"https:\/\/piqipi.com\/sk\/produkt\/piqipi-edicia-chlapcek\/#primaryimage"},"thumbnailUrl":"https:\/\/piqipi.com\/wp-content\/uploads\/2019\/01\/boy0-min.jpeg","datePublished":"2019-01-24T08:51:21+00:00","dateModified":"2022-04-04T20:53:07+00:00","breadcrumb":{"@id":"https:\/\/piqipi.com\/sk\/produkt\/piqipi-edicia-chlapcek\/#breadcrumb"},"inLanguage":"sk-SK","potentialAction":[{"@type":"ReadAction","target":["https:\/\/piqipi.com\/sk\/produkt\/piqipi-edicia-chlapcek\/"]}]},{"@type":"ImageObject","inLanguage":"sk-SK","@id":"https:\/\/piqipi.com\/sk\/produkt\/piqipi-edicia-chlapcek\/#primaryimage","url":"https:\/\/piqipi.com\/wp-content\/uploads\/2019\/01\/boy0-min.jpeg","contentUrl":"https:\/\/piqipi.com\/wp-content\/uploads\/2019\/01\/boy0-min.jpeg","width":1280,"height":853},{"@type":"BreadcrumbList","@id":"https:\/\/piqipi.com\/sk\/produkt\/piqipi-edicia-chlapcek\/#breadcrumb","itemListElement":[{"@type":"ListItem","position":1,"name":"Home","item":"https:\/\/piqipi.com\/sk\/"},{"@type":"ListItem","position":2,"name":"Obchod","item":"https:\/\/piqipi.com\/sk\/obchod\/"},{"@type":"ListItem","position":3,"name":"Piqipi ed\u00edcia Chlap\u010dek"}]},{"@type":"WebSite","@id":"https:\/\/piqipi.com\/sk\/#website","url":"https:\/\/piqipi.com\/sk\/","name":"piqipi.com","description":"Len \u010fal\u0161ia WordPress str\u00e1nka","potentialAction":[{"@type":"SearchAction","target":{"@type":"EntryPoint","urlTemplate":"https:\/\/piqipi.com\/sk\/?s={search_term_string}"},"query-input":"required name=search_term_string"}],"inLanguage":"sk-SK"}]}},"_links":{"self":[{"href":"https:\/\/piqipi.com\/sk\/wp-json\/wp\/v2\/product\/33656","targetHints":{"allow":["GET"]}}],"collection":[{"href":"https:\/\/piqipi.com\/sk\/wp-json\/wp\/v2\/product"}],"about":[{"href":"https:\/\/piqipi.com\/sk\/wp-json\/wp\/v2\/types\/product"}],"replies":[{"embeddable":true,"href":"https:\/\/piqipi.com\/sk\/wp-json\/wp\/v2\/comments?post=33656"}],"wp:featuredmedia":[{"embeddable":true,"href":"https:\/\/piqipi.com\/sk\/wp-json\/wp\/v2\/media\/33662"}],"wp:attachment":[{"href":"https:\/\/piqipi.com\/sk\/wp-json\/wp\/v2\/media?parent=33656"}],"wp:term":[{"taxonomy":"product_cat","embeddable":true,"href":"https:\/\/piqipi.com\/sk\/wp-json\/wp\/v2\/product_cat?post=33656"},{"taxonomy":"product_tag","embeddable":true,"href":"https:\/\/piqipi.com\/sk\/wp-json\/wp\/v2\/product_tag?post=33656"}],"curies":[{"name":"wp","href":"https:\/\/api.w.org\/{rel}","templated":true}]}}